{"id":36,"date":"2015-03-19T18:30:41","date_gmt":"2015-03-19T18:30:41","guid":{"rendered":"http:\/\/invidit.de\/blog\/?page_id=36"},"modified":"2016-11-21T09:48:12","modified_gmt":"2016-11-21T07:48:12","slug":"ueber-diesen-blog","status":"publish","type":"page","link":"https:\/\/invidit.de\/blog\/ueber-diesen-blog\/","title":{"rendered":"\u00dcber diesen Blog&#8230;"},"content":{"rendered":"<p>Mit diesem Blog m\u00f6chten wir uns an alle richten, die Spa\u00df am Programmieren haben und f\u00fcr die das Codieren nicht mit dem erfolgreichen Kompilieren endet. &#8222;Compiles without errors&#8220; sollte der erste Schritt auf dem Weg zu sauber strukturierten und nachhaltigen Code sein.<\/p>\n<p>Wir setzen Grundkenntnisse in der objektorientierten Programmierung voraus und werden nur selten Funktionen der eingesetzten IDE erkl\u00e4ren. Den sicheren Umgang mit der Entwicklungsumgebung setzen wir also ebenfalls voraus. Wir nutzen dabei das Visual Studio in der Community Edition f\u00fcr C#, sowie IDEA IntelliJ und Eclipse f\u00fcr Java.<\/p>\n<p>Unser Ziel ist es dabei, uns zum einen noch einmal selbst mit den Themen auseinanderzusetzen. Dar\u00fcber hinaus m\u00f6chten wir unsere Erfahrungen in dem Bereich auch gerne mit anderen teilen. Wir werden die erarbeiteten Themen in deutsch und m\u00f6glichst verst\u00e4ndlich und nachvollziehbar beschreiben.<\/p>\n<p>Wir w\u00fcnschen euch viel Spa\u00df beim Lesen und Lernen. \u00dcber euer konstruktives Feedback freuen wir uns.<\/p>\n<p>Eure Spa\u00df-Coder<br \/>\nMichael und Torsten<\/p>\n<p>&nbsp;<\/p>\n","protected":false},"excerpt":{"rendered":"<p>Mit diesem Blog m\u00f6chten wir uns an alle richten, die Spa\u00df am Programmieren haben und f\u00fcr die das Codieren nicht mit dem erfolgreichen Kompilieren endet. &#8222;Compiles without errors&#8220; sollte der erste Schritt auf dem Weg zu sauber strukturierten und nachhaltigen Code sein. Wir setzen Grundkenntnisse in der objektorientierten Programmierung voraus und werden nur selten Funktionen [&hellip;]<\/p>\n","protected":false},"author":1,"featured_media":0,"parent":0,"menu_order":0,"comment_status":"open","ping_status":"closed","template":"","meta":[],"_links":{"self":[{"href":"https:\/\/invidit.de\/blog\/wp-json\/wp\/v2\/pages\/36"}],"collection":[{"href":"https:\/\/invidit.de\/blog\/wp-json\/wp\/v2\/pages"}],"about":[{"href":"https:\/\/invidit.de\/blog\/wp-json\/wp\/v2\/types\/page"}],"author":[{"embeddable":true,"href":"https:\/\/invidit.de\/blog\/wp-json\/wp\/v2\/users\/1"}],"replies":[{"embeddable":true,"href":"https:\/\/invidit.de\/blog\/wp-json\/wp\/v2\/comments?post=36"}],"version-history":[{"count":5,"href":"https:\/\/invidit.de\/blog\/wp-json\/wp\/v2\/pages\/36\/revisions"}],"predecessor-version":[{"id":1227,"href":"https:\/\/invidit.de\/blog\/wp-json\/wp\/v2\/pages\/36\/revisions\/1227"}],"wp:attachment":[{"href":"https:\/\/invidit.de\/blog\/wp-json\/wp\/v2\/media?parent=36"}],"curies":[{"name":"wp","href":"https:\/\/api.w.org\/{rel}","templated":true}]}}