{"id":34,"date":"2015-03-05T22:04:52","date_gmt":"2015-03-05T22:04:52","guid":{"rendered":"http:\/\/invidit.de\/blog\/?page_id=34"},"modified":"2020-07-08T09:16:35","modified_gmt":"2020-07-08T07:16:35","slug":"ueber-uns","status":"publish","type":"page","link":"https:\/\/invidit.de\/blog\/ueber-uns\/","title":{"rendered":"\u00dcber uns"},"content":{"rendered":"<div id=\"pl-34\"  class=\"panel-layout\" ><div id=\"pg-34-0\"  class=\"panel-grid panel-no-style\" ><div id=\"pgc-34-0-0\"  class=\"panel-grid-cell\" ><div id=\"panel-34-0-0-0\" class=\"so-panel widget widget_text panel-first-child panel-last-child\" data-index=\"0\" ><h3 class=\"widget-title\">Michael<\/h3>\t\t\t<div class=\"textwidget\"><h2>Wer ich bin<\/h2>\n<p>Mein Name ist Michael. Ich bin 1978 in der N\u00e4he von Aachen geboren und lebe noch dort.<\/p>\n<h2>Was ich gelernt habe<\/h2>\n<p>Die ersten Erfahrungen mit Computern habe ich mit meinem C64 gemacht und war froh, als in der achten Klasse endlich Informatik als Wahlfach angeboten wurde. Die Programmierung mit Basic hat mir so fasziniert, dass f\u00fcr mich klar war: ich werde Informatiker.<\/p>\n<p>Dies habe ich nach dem Abitur mit einer Ausbildung zum Fachinformatiker f\u00fcr Anwendungsentwicklung umgesetzt, auch wenn die Programmierung sich beruflich auf nicht objektorientierte Sprachen beschr\u00e4nkte, habe ich privat mit C++, C# und Java gearbeitet. Um dann die Praxis mit einer fundierteren Theorie zu untermauern - und weil ich Lust dazu hatte - habe ich von 2008 bis 2011 den Bachelor of Science RWTH Aachen University gemacht (was in deutlich mehr Arbeit ausartete als ich vermutet hatte). Nach dem Studium habe ich f\u00fcr ein Jahr auch beruflich mit C# und Silverlight gearbeitet und erste Ber\u00fchrungspunkte mit agiler Entwicklung gehabt.<\/p>\n<p>Nach diesem Jahr bin ich wieder in meinen Ausbildungsbetrieb gewechselt, programmiere wieder \u00fcberwiegend nicht objektorientiert und bin gleichzeitig als Scrum Master aktiv. Hierbei reizt mich neben dem reinen Prozess (bei uns Scrum und Kanban) die Wertebasis der agilen Entwicklung als Basis f\u00fcr ein Miteinander im Team mit Ausrichtung auf den Kunden.<\/p>\n<p>Hier ein paar Themen, mit denen ich mich bisher auseinandergesetzt habe:<\/p>\n<ul>\n<li> Team Coaching, Scrum , Kanban, Pozessentwicklung<\/i>\n<li> Design Pattern, Prinzipien und Praktiken, Clean Code<\/i>\n<li> C++, C#, Silverlight, WPF mit Visual Studio 2005 - 2013, MVVM, MSSQL, DB4O, SQLite, RavenDB<\/i>\n<li> \tJava EE, EJB3, OSGi, JSF, Glassfish v2, Tomcat,\t Eclipse, Ant, Ivy, JUnit, PostgreSQL, HSQL, SVN, Jenkins, Nexus<\/i>\n<\/ul>\n<h2>Was mich derzeit interessiert<\/h2>\n<p>\u00dcberweigend programmiere ich privat mit C# und lege dabei Wert auf einen sauberen Code - was mir nicht immer leicht f\u00e4llt und auch nicht immer gelingt. Hier ist es immer wieder erkentnissreich, nach einer Weile in den eigenen Code zu schauen: \"Oje, wer hat das denn programmiert!?\" \ud83d\ude09<br \/>\nIch probiere gerne neue Technologien und Prinzipien aus. Uncle Bob, Michael C. Feathers, Martin Fowler, Ralf Westphal und die GoF sind dabei in gedruckter oder digitaler Form meine st\u00e4ndigen Begleiter und inspirieren mich, meinen Programmcode so zu gestalten, dass ich selbst ihn auch nach zwei Wochen noch gut verstehe und auch erweitern kann.<\/p>\n<p>Wenn ich zocke sind das derzeit in erster Linie Path of Exile (ARPG) (act 4 is comming - wohooo) oder Minecraft.<\/p>\n<p>Weiterhin koche ich sehr gerne und kann mich hin und wieder sogar aufraffen, mich sportlich zu bet\u00e4tigen - wenn auch gelegentlich mit entsprechenden Folgen.<\/p>\n<\/div>\n\t\t<\/div><\/div><div id=\"pgc-34-0-1\"  class=\"panel-grid-cell\" ><div id=\"panel-34-0-1-0\" class=\"so-panel widget widget_text panel-first-child panel-last-child\" data-index=\"1\" ><h3 class=\"widget-title\">Torsten<\/h3>\t\t\t<div class=\"textwidget\"><h2>Wer ich bin<\/h2>\nMein Name ist Torsten. Ich bin 1976 in der N\u00e4he von Aachen geboren und lebe noch dort.\n\n<h2>Was ich gelernt habe<\/h2>\nNach meinem Abitur (und der nicht vermeidbaren Wehrpflicht) habe ich eine Ausbildung zum IT Fachinformatiker \u2013 Anwendungsentwicklung gemacht und erfolgreich abgeschlossen. Seitdem arbeite ich in meinem Ausbildungsbetrieb (VEDA GmbH) und habe dort verschiedenste Aufgaben \u00fcbernommen.\n<ul>\n<li>Projekte und technischen Support f\u00fcr das von VEDA entwickelte Entgeltabrechnungssystem\n<li>Evaluierungsprojekte zur Weiterentwicklung der von VEDA entwickelten Software\n<li>\u00dcbernahme von operativen Aufgaben im Bereich Qualit\u00e4tsmanagement\n<li>Einf\u00fchrung, Betreuung und Erweiterung eines Intranet-Wikis auf Basis von MediaWiki\n<li>Einf\u00fchrung eines (ebenfalls von VEDA entwickelten) Frameworks zur Oberfl\u00e4chenmodernisierung von RPG-Programmen auf der IBM System i bei unseren Kunden\n<li>Entwicklung eines neuen, auf Java basierenden Frameworks als Basis f\u00fcr die Entwicklung der neuen Softwaregeneration\n<li>\u00dcbernahme von Usability-Aufgaben f\u00fcr die neue Softwaregeneration\n<li>Einf\u00fchrung und Betreuung eines automatisierten Deploymentsystems auf Basis von Maven, Nexus und Jenkins\n<li>Einf\u00fchren eines eines angepassten, auf Scrum und Kanban basierenden agilen Entwicklungsprozesses in der Rolle als ScrunBanMaster \n<li>Umstellen des agilen Entwicklungsprozesses auf Scrum in der Rolle als Scrum Master\n<li>Ausweiten des agilen Entwicklungsprozesses auf weitere Teams und verbreiten der agilen Methodik in andere Unternehmensbereiche in der Rolle als agile Coach\n<li>Entwicklung einer auf Java, Spring-MVC und HTML\/CSS\/Javascript basierenden HR Webanwendung\n<\/ul>\n\nNach der Ausbildung, in der ich vor allem das Programmieren in RPG sowie C++ erlernt habe (C++ allerdings nur in der Schule) habe ich mich weiter fortgebildet und bin <i>staatlich gepr\u00fcfter Betriebswirt, IHK Projektleiter<\/i> sowie <i>OMG-Certified Expert in BPM Fundamental<\/i>. Dar\u00fcber hinaus habe ich gelernt objektorientiert mit Java zu entwickeln und im Rahmen des Media-Wikis und diverser Forensysteme PHP zu programmieren. In Meiner Freizeit habe ich mich dann mit .Net und hier in erster Linie mit C# auseinandergesetzt und autodidaktisch gelernt. Immer mal wieder habe ich mich mit der Spieleentwicklung besch\u00e4ftigt. Zun\u00e4chst mit C++ und DirectX, sp\u00e4ter dann mit C# und XNA. Die meisten Projekte (eigentlich alle bis auf ein Bejeweled Klon) haben es leider nie in den Status \u201cFertig\u201d geschafft.\n\nBis Mitte 2018 war ich in erster Linie als Scrum Master, Projektleiter und Coach unterwegs. Seit dem liegt beim Fokus auf der Java-Entwicklung. Ich betreue weiterhin das Qualit\u00e4tsmanagement. \n\n<h2>Was mich derzeit interessiert<\/h2>\nIch bin derzeit sehr interessiert am agile Development, allem voran Scrum und wie man dies in ein klassisch aufgestellten Unternehmen integrieren kann. Beim Entwickeln bin ich ein Freund von Clean Code und versuche, wenn immer m\u00f6glich, test driven zu arbeiten. Ich suche, wenn es meine Freizeit zul\u00e4sst immer mal wieder nach neuen (C#-) Projekten, die ich umsetzen kann. Dabei probiere ich meist neue Dinge aus. <\/div>\n\t\t<\/div><\/div><\/div><div id=\"pg-34-1\"  class=\"panel-grid panel-no-style\" ><div id=\"pgc-34-1-0\"  class=\"panel-grid-cell\" ><div id=\"panel-34-1-0-0\" class=\"so-panel widget widget_text panel-first-child panel-last-child\" data-index=\"2\" ><h3 class=\"widget-title\">Wir<\/h3>\t\t\t<div class=\"textwidget\"><p>Gemeinsam entwickeln wir seit mehr als 10 Jahren objektorientiert Software. Dabei haben wir einige Spiele und Bibliotheken entwickelt, dabei aber vielmehr den Fokus auf sauberen und gut strukturierten Code gelegt, als auf das Ergebnis. Mit verschiedensten Praktiken und Prinzipien haben wir uns auseinandergesetzt und damit einige spannende Erfahrungen gemacht.<\/p>\n<p>Beruflich k\u00f6nnen wir als Softwareentwickler und Scrum Master auf eine langj\u00e4hrige Erfahrung zur\u00fcckgreifen, die wir gerne in diesem Blog teilen m\u00f6chten.<\/p>\n<\/div>\n\t\t<\/div><\/div><\/div><\/div>","protected":false},"excerpt":{"rendered":"<p>Wer ich bin Mein Name ist Michael. Ich bin 1978 in der N\u00e4he von Aachen geboren und lebe noch dort. Was ich gelernt habe Die ersten Erfahrungen mit Computern habe ich mit meinem C64 gemacht und war froh, als in der achten Klasse endlich Informatik als Wahlfach angeboten wurde. Die Programmierung mit Basic hat mir [&hellip;]<\/p>\n","protected":false},"author":1,"featured_media":0,"parent":0,"menu_order":0,"comment_status":"closed","ping_status":"closed","template":"","meta":[],"_links":{"self":[{"href":"https:\/\/invidit.de\/blog\/wp-json\/wp\/v2\/pages\/34"}],"collection":[{"href":"https:\/\/invidit.de\/blog\/wp-json\/wp\/v2\/pages"}],"about":[{"href":"https:\/\/invidit.de\/blog\/wp-json\/wp\/v2\/types\/page"}],"author":[{"embeddable":true,"href":"https:\/\/invidit.de\/blog\/wp-json\/wp\/v2\/users\/1"}],"replies":[{"embeddable":true,"href":"https:\/\/invidit.de\/blog\/wp-json\/wp\/v2\/comments?post=34"}],"version-history":[{"count":17,"href":"https:\/\/invidit.de\/blog\/wp-json\/wp\/v2\/pages\/34\/revisions"}],"predecessor-version":[{"id":1248,"href":"https:\/\/invidit.de\/blog\/wp-json\/wp\/v2\/pages\/34\/revisions\/1248"}],"wp:attachment":[{"href":"https:\/\/invidit.de\/blog\/wp-json\/wp\/v2\/media?parent=34"}],"curies":[{"name":"wp","href":"https:\/\/api.w.org\/{rel}","templated":true}]}}